{"id":361,"date":"2023-11-23T12:25:38","date_gmt":"2023-11-23T11:25:38","guid":{"rendered":"https:\/\/www.denktaktik.at\/liebeg_dev\/?page_id=361"},"modified":"2024-01-24T11:23:07","modified_gmt":"2024-01-24T10:23:07","slug":"it-infrastruktur","status":"publish","type":"page","link":"https:\/\/www.denktaktik.at\/liebeg_dev\/it-infrastruktur\/","title":{"rendered":"IT-Infrastruktur"},"content":{"rendered":"\t\t<div data-elementor-type=\"wp-page\" data-elementor-id=\"361\" class=\"elementor elementor-361\" data-elementor-post-type=\"page\">\n\t\t\t\t<div class=\"elementor-element elementor-element-106e2c6f e-flex e-con-boxed e-con e-parent\" data-id=\"106e2c6f\" data-element_type=\"container\" data-settings=\"{&quot;background_background&quot;:&quot;classic&quot;,&quot;shape_divider_top&quot;:&quot;waves&quot;,&quot;content_width&quot;:&quot;boxed&quot;}\" data-core-v316-plus=\"true\">\n\t\t\t\t\t<div class=\"e-con-inner\">\n\t\t\t\t<div class=\"elementor-shape elementor-shape-top\" data-negative=\"false\">\n\t\t\t<svg xmlns=\"http:\/\/www.w3.org\/2000\/svg\" viewBox=\"0 0 1000 100\" preserveAspectRatio=\"none\">\n\t<path class=\"elementor-shape-fill\" d=\"M421.9,6.5c22.6-2.5,51.5,0.4,75.5,5.3c23.6,4.9,70.9,23.5,100.5,35.7c75.8,32.2,133.7,44.5,192.6,49.7\n\tc23.6,2.1,48.7,3.5,103.4-2.5c54.7-6,106.2-25.6,106.2-25.6V0H0v30.3c0,0,72,32.6,158.4,30.5c39.2-0.7,92.8-6.7,134-22.4\n\tc21.2-8.1,52.2-18.2,79.7-24.2C399.3,7.9,411.6,7.5,421.9,6.5z\"\/>\n<\/svg>\t\t<\/div>\n\t\t<div class=\"elementor-element elementor-element-2608b94c e-con-full e-flex e-con e-child\" data-id=\"2608b94c\" data-element_type=\"container\" data-settings=\"{&quot;content_width&quot;:&quot;full&quot;}\">\n\t\t\t\t<div class=\"elementor-element elementor-element-72269ba1 elementor-widget elementor-widget-heading\" data-id=\"72269ba1\" data-element_type=\"widget\" data-widget_type=\"heading.default\">\n\t\t\t\t<div class=\"elementor-widget-container\">\n\t\t\t<style>\/*! elementor - v3.19.0 - 07-02-2024 *\/\n.elementor-heading-title{padding:0;margin:0;line-height:1}.elementor-widget-heading .elementor-heading-title[class*=elementor-size-]>a{color:inherit;font-size:inherit;line-height:inherit}.elementor-widget-heading .elementor-heading-title.elementor-size-small{font-size:15px}.elementor-widget-heading .elementor-heading-title.elementor-size-medium{font-size:19px}.elementor-widget-heading .elementor-heading-title.elementor-size-large{font-size:29px}.elementor-widget-heading .elementor-heading-title.elementor-size-xl{font-size:39px}.elementor-widget-heading .elementor-heading-title.elementor-size-xxl{font-size:59px}<\/style><h2 class=\"elementor-heading-title elementor-size-default\">Services<\/h2>\t\t<\/div>\n\t\t\t\t<\/div>\n\t\t\t\t<div class=\"elementor-element elementor-element-3b72260e elementor-widget elementor-widget-heading\" data-id=\"3b72260e\" data-element_type=\"widget\" data-widget_type=\"heading.default\">\n\t\t\t\t<div class=\"elementor-widget-container\">\n\t\t\t<h1 class=\"elementor-heading-title elementor-size-default\">IT-Infrastruktur<\/h1>\t\t<\/div>\n\t\t\t\t<\/div>\n\t\t\t\t<div class=\"elementor-element elementor-element-1238e3e6 elementor-widget elementor-widget-button\" data-id=\"1238e3e6\" data-element_type=\"widget\" data-widget_type=\"button.default\">\n\t\t\t\t<div class=\"elementor-widget-container\">\n\t\t\t\t\t<div class=\"elementor-button-wrapper\">\n\t\t\t<a class=\"elementor-button elementor-button-link elementor-size-sm\" href=\"https:\/\/www.denktaktik.at\/liebeg_dev\/kontakt\/\">\n\t\t\t\t\t\t<span class=\"elementor-button-content-wrapper\">\n\t\t\t\t\t\t<span class=\"elementor-button-text\">Kontakieren Sie uns<\/span>\n\t\t<\/span>\n\t\t\t\t\t<\/a>\n\t\t<\/div>\n\t\t\t\t<\/div>\n\t\t\t\t<\/div>\n\t\t\t\t<\/div>\n\t\t<div class=\"elementor-element elementor-element-2e99453f e-con-full e-flex e-con e-child\" data-id=\"2e99453f\" data-element_type=\"container\" data-settings=\"{&quot;content_width&quot;:&quot;full&quot;}\">\n\t\t\t\t<div class=\"elementor-element elementor-element-61f3d1bb elementor-invisible elementor-widget elementor-widget-image\" data-id=\"61f3d1bb\" data-element_type=\"widget\" data-settings=\"{&quot;_animation&quot;:&quot;fadeIn&quot;,&quot;motion_fx_motion_fx_scrolling&quot;:&quot;yes&quot;,&quot;motion_fx_translateY_effect&quot;:&quot;yes&quot;,&quot;motion_fx_translateY_speed&quot;:{&quot;unit&quot;:&quot;px&quot;,&quot;size&quot;:1.3,&quot;sizes&quot;:[]},&quot;motion_fx_translateY_affectedRange&quot;:{&quot;unit&quot;:&quot;%&quot;,&quot;size&quot;:&quot;&quot;,&quot;sizes&quot;:{&quot;start&quot;:0,&quot;end&quot;:59}},&quot;motion_fx_devices&quot;:[&quot;desktop&quot;,&quot;tablet&quot;,&quot;mobile&quot;]}\" data-widget_type=\"image.default\">\n\t\t\t\t<div class=\"elementor-widget-container\">\n\t\t\t<style>\/*! elementor - v3.19.0 - 07-02-2024 *\/\n.elementor-widget-image{text-align:center}.elementor-widget-image a{display:inline-block}.elementor-widget-image a img[src$=\".svg\"]{width:48px}.elementor-widget-image img{vertical-align:middle;display:inline-block}<\/style>\t\t\t\t\t\t\t\t\t\t<img fetchpriority=\"high\" decoding=\"async\" width=\"505\" height=\"456\" src=\"https:\/\/www.denktaktik.at\/liebeg_dev\/wp-content\/uploads\/2023\/11\/illu-IT-Infrastruktur.svg\" class=\"attachment-full size-full wp-image-105\" alt=\"\" \/>\t\t\t\t\t\t\t\t\t\t\t\t\t<\/div>\n\t\t\t\t<\/div>\n\t\t\t\t<\/div>\n\t\t\t\t\t<\/div>\n\t\t\t\t<\/div>\n\t\t<div class=\"elementor-element elementor-element-c69b9 e-flex e-con-boxed e-con e-parent\" data-id=\"c69b9\" data-element_type=\"container\" data-settings=\"{&quot;background_background&quot;:&quot;classic&quot;,&quot;content_width&quot;:&quot;boxed&quot;}\" data-core-v316-plus=\"true\">\n\t\t\t\t\t<div class=\"e-con-inner\">\n\t\t<div class=\"elementor-element elementor-element-4f05549a e-con-full e-flex e-con e-child\" data-id=\"4f05549a\" data-element_type=\"container\" data-settings=\"{&quot;content_width&quot;:&quot;full&quot;}\">\n\t\t\t\t<div class=\"elementor-element elementor-element-49a18e1e elementor-widget elementor-widget-text-editor\" data-id=\"49a18e1e\" data-element_type=\"widget\" data-widget_type=\"text-editor.default\">\n\t\t\t\t<div class=\"elementor-widget-container\">\n\t\t\t<style>\/*! elementor - v3.19.0 - 07-02-2024 *\/\n.elementor-widget-text-editor.elementor-drop-cap-view-stacked .elementor-drop-cap{background-color:#69727d;color:#fff}.elementor-widget-text-editor.elementor-drop-cap-view-framed .elementor-drop-cap{color:#69727d;border:3px solid;background-color:transparent}.elementor-widget-text-editor:not(.elementor-drop-cap-view-default) .elementor-drop-cap{margin-top:8px}.elementor-widget-text-editor:not(.elementor-drop-cap-view-default) .elementor-drop-cap-letter{width:1em;height:1em}.elementor-widget-text-editor .elementor-drop-cap{float:left;text-align:center;line-height:1;font-size:50px}.elementor-widget-text-editor .elementor-drop-cap-letter{display:inline-block}<\/style>\t\t\t\t<p>Perfekt auf Sie abgestimmt<\/p>\t\t\t\t\t\t<\/div>\n\t\t\t\t<\/div>\n\t\t\t\t<\/div>\n\t\t\t\t\t<\/div>\n\t\t\t\t<\/div>\n\t\t<div class=\"elementor-element elementor-element-12e15815 e-flex e-con-boxed e-con e-parent\" data-id=\"12e15815\" data-element_type=\"container\" data-settings=\"{&quot;background_background&quot;:&quot;classic&quot;,&quot;content_width&quot;:&quot;boxed&quot;}\" data-core-v316-plus=\"true\">\n\t\t\t\t\t<div class=\"e-con-inner\">\n\t\t<div class=\"elementor-element elementor-element-537f2e44 e-con-full e-flex e-con e-child\" data-id=\"537f2e44\" data-element_type=\"container\" data-settings=\"{&quot;content_width&quot;:&quot;full&quot;}\">\n\t\t\t\t<div class=\"elementor-element elementor-element-2334f593 elementor-widget elementor-widget-text-editor\" data-id=\"2334f593\" data-element_type=\"widget\" data-widget_type=\"text-editor.default\">\n\t\t\t\t<div class=\"elementor-widget-container\">\n\t\t\t\t\t\t\t<p>Der Gro\u00dfteil der IT Kosten wird f\u00fcr Client-Service ausgegeben. Das sind Services die direkt vom Anwender verwendet werden und in Verbindung mit PC&#8217;s und Arbeitspl\u00e4tzen stehen. Der Arbeitsplatz des Benutzers ist damit ein wichtiger Teil in Punkto Sicherheit und Verf\u00fcgbarkeit.<\/p><p>\u00a0<\/p><p>Die Businesswelt von heute erfordert es auf bestimmte Situationen rasch zu reagieren und die Arbeitspl\u00e4tze schnell an Ver\u00e4nderungen anzupassen. Umso wichtiger in Echtzeit aktuelle Virendefinitionen und Sicherheitsupdates zu installieren, damit die Sicherheit auch weiterhin gew\u00e4hrleistet ist.<\/p><p>\u00a0<\/p><p>Durch Managed Services entlasten wir Ihre Mitarbeiter damit sich diese auf das Business konzentrieren k\u00f6nnen.<\/p><p>Durch die Kombination verschiedener Services, wie Remote Management, Asset Management, Backup und der Einsatz unterschiedlicher Service Level Agreements erm\u00f6glichen wir unseren Kunden eine skalierbare und auf die Anforderungen abgestimmte Betreuung.<\/p><p>\u00a0<\/p><p>Damit k\u00f6nnen wir auf die Anforderungen des jeweiligen Servers oder Arbeitsplatzes individuell reagieren. Wenn es einmal schnell gehen muss stehen wir mit unserem Gold SLA f\u00fcr h\u00f6chste Verf\u00fcgbarkeit unserer Techniker.<\/p>\t\t\t\t\t\t<\/div>\n\t\t\t\t<\/div>\n\t\t\t\t<div class=\"elementor-element elementor-element-4522292d elementor-widget elementor-widget-button\" data-id=\"4522292d\" data-element_type=\"widget\" data-widget_type=\"button.default\">\n\t\t\t\t<div class=\"elementor-widget-container\">\n\t\t\t\t\t<div class=\"elementor-button-wrapper\">\n\t\t\t<a class=\"elementor-button elementor-button-link elementor-size-sm\" href=\"https:\/\/www.denktaktik.at\/liebeg_dev\/kontakt\/\">\n\t\t\t\t\t\t<span class=\"elementor-button-content-wrapper\">\n\t\t\t\t\t\t<span class=\"elementor-button-text\">Kontakieren Sie uns<\/span>\n\t\t<\/span>\n\t\t\t\t\t<\/a>\n\t\t<\/div>\n\t\t\t\t<\/div>\n\t\t\t\t<\/div>\n\t\t\t\t<\/div>\n\t\t<div class=\"elementor-element elementor-element-1cff0803 e-con-full e-flex e-con e-child\" data-id=\"1cff0803\" data-element_type=\"container\" data-settings=\"{&quot;content_width&quot;:&quot;full&quot;}\">\n\t\t\t\t<div class=\"elementor-element elementor-element-4077ea99 animated-slow elementor-invisible elementor-widget elementor-widget-image\" data-id=\"4077ea99\" data-element_type=\"widget\" data-settings=\"{&quot;_animation&quot;:&quot;fadeIn&quot;,&quot;_animation_tablet&quot;:&quot;fadeIn&quot;}\" data-widget_type=\"image.default\">\n\t\t\t\t<div class=\"elementor-widget-container\">\n\t\t\t\t\t\t\t\t\t\t\t\t\t<img fetchpriority=\"high\" decoding=\"async\" width=\"505\" height=\"456\" src=\"https:\/\/www.denktaktik.at\/liebeg_dev\/wp-content\/uploads\/2023\/11\/illu-IT-Infrastruktur.svg\" class=\"attachment-full size-full wp-image-105\" alt=\"\" \/>\t\t\t\t\t\t\t\t\t\t\t\t\t<\/div>\n\t\t\t\t<\/div>\n\t\t\t\t<\/div>\n\t\t\t\t\t<\/div>\n\t\t\t\t<\/div>\n\t\t\t\t<\/div>\n\t\t","protected":false},"excerpt":{"rendered":"<p>Services IT-Infrastruktur Kontakieren Sie uns Perfekt auf Sie abgestimmt Der Gro\u00dfteil der IT Kosten wird f\u00fcr Client-Service ausgegeben. Das sind Services die direkt vom Anwender verwendet werden und in Verbindung mit PC&#8217;s und Arbeitspl\u00e4tzen stehen. Der Arbeitsplatz des Benutzers ist damit ein wichtiger Teil in Punkto Sicherheit und Verf\u00fcgbarkeit. \u00a0 Die Businesswelt von heute erfordert [&hellip;]<\/p>\n","protected":false},"author":1,"featured_media":0,"parent":0,"menu_order":0,"comment_status":"closed","ping_status":"closed","template":"","meta":{"footnotes":""},"class_list":["post-361","page","type-page","status-publish","hentry"],"yoast_head":"<!-- This site is optimized with the Yoast SEO plugin v22.1 - https:\/\/yoast.com\/wordpress\/plugins\/seo\/ -->\n<title>IT-Infrastruktur - www.liebeg.at<\/title>\n<meta name=\"robots\" content=\"index, follow, max-snippet:-1, max-image-preview:large, max-video-preview:-1\" \/>\n<link rel=\"canonical\" href=\"https:\/\/www.denktaktik.at\/liebeg_dev\/it-infrastruktur\/\" \/>\n<meta property=\"og:locale\" content=\"de_DE\" \/>\n<meta property=\"og:type\" content=\"article\" \/>\n<meta property=\"og:title\" content=\"IT-Infrastruktur - www.liebeg.at\" \/>\n<meta property=\"og:description\" content=\"Services IT-Infrastruktur Kontakieren Sie uns Perfekt auf Sie abgestimmt Der Gro\u00dfteil der IT Kosten wird f\u00fcr Client-Service ausgegeben. Das sind Services die direkt vom Anwender verwendet werden und in Verbindung mit PC&#8217;s und Arbeitspl\u00e4tzen stehen. Der Arbeitsplatz des Benutzers ist damit ein wichtiger Teil in Punkto Sicherheit und Verf\u00fcgbarkeit. \u00a0 Die Businesswelt von heute erfordert [&hellip;]\" \/>\n<meta property=\"og:url\" content=\"https:\/\/www.denktaktik.at\/liebeg_dev\/it-infrastruktur\/\" \/>\n<meta property=\"og:site_name\" content=\"www.liebeg.at\" \/>\n<meta property=\"article:publisher\" content=\"https:\/\/www.facebook.com\/p\/Liebeg-innovate-IT-100060705684739\/\" \/>\n<meta property=\"article:modified_time\" content=\"2024-01-24T10:23:07+00:00\" \/>\n<meta property=\"og:image\" content=\"https:\/\/www.denktaktik.at\/liebeg_dev\/wp-content\/uploads\/2023\/11\/illu-IT-Infrastruktur.svg\" \/>\n<meta name=\"twitter:card\" content=\"summary_large_image\" \/>\n<meta name=\"twitter:label1\" content=\"Gesch\u00e4tzte Lesezeit\" \/>\n\t<meta name=\"twitter:data1\" content=\"1\u00a0Minute\" \/>\n<script type=\"application\/ld+json\" class=\"yoast-schema-graph\">{\"@context\":\"https:\/\/schema.org\",\"@graph\":[{\"@type\":\"WebPage\",\"@id\":\"https:\/\/www.denktaktik.at\/liebeg_dev\/it-infrastruktur\/\",\"url\":\"https:\/\/www.denktaktik.at\/liebeg_dev\/it-infrastruktur\/\",\"name\":\"IT-Infrastruktur - www.liebeg.at\",\"isPartOf\":{\"@id\":\"https:\/\/www.denktaktik.at\/liebeg_dev\/#website\"},\"datePublished\":\"2023-11-23T11:25:38+00:00\",\"dateModified\":\"2024-01-24T10:23:07+00:00\",\"breadcrumb\":{\"@id\":\"https:\/\/www.denktaktik.at\/liebeg_dev\/it-infrastruktur\/#breadcrumb\"},\"inLanguage\":\"de\",\"potentialAction\":[{\"@type\":\"ReadAction\",\"target\":[\"https:\/\/www.denktaktik.at\/liebeg_dev\/it-infrastruktur\/\"]}]},{\"@type\":\"BreadcrumbList\",\"@id\":\"https:\/\/www.denktaktik.at\/liebeg_dev\/it-infrastruktur\/#breadcrumb\",\"itemListElement\":[{\"@type\":\"ListItem\",\"position\":1,\"name\":\"Startseite\",\"item\":\"https:\/\/www.denktaktik.at\/liebeg_dev\/\"},{\"@type\":\"ListItem\",\"position\":2,\"name\":\"IT-Infrastruktur\"}]},{\"@type\":\"WebSite\",\"@id\":\"https:\/\/www.denktaktik.at\/liebeg_dev\/#website\",\"url\":\"https:\/\/www.denktaktik.at\/liebeg_dev\/\",\"name\":\"www.liebeg.at\",\"description\":\"innovateIT\",\"publisher\":{\"@id\":\"https:\/\/www.denktaktik.at\/liebeg_dev\/#organization\"},\"potentialAction\":[{\"@type\":\"SearchAction\",\"target\":{\"@type\":\"EntryPoint\",\"urlTemplate\":\"https:\/\/www.denktaktik.at\/liebeg_dev\/?s={search_term_string}\"},\"query-input\":\"required name=search_term_string\"}],\"inLanguage\":\"de\"},{\"@type\":\"Organization\",\"@id\":\"https:\/\/www.denktaktik.at\/liebeg_dev\/#organization\",\"name\":\"www.liebeg.at\",\"url\":\"https:\/\/www.denktaktik.at\/liebeg_dev\/\",\"logo\":{\"@type\":\"ImageObject\",\"inLanguage\":\"de\",\"@id\":\"https:\/\/www.denktaktik.at\/liebeg_dev\/#\/schema\/logo\/image\/\",\"url\":\"https:\/\/www.denktaktik.at\/liebeg_dev\/wp-content\/uploads\/2023\/09\/logoliebeg.svg\",\"contentUrl\":\"https:\/\/www.denktaktik.at\/liebeg_dev\/wp-content\/uploads\/2023\/09\/logoliebeg.svg\",\"width\":893,\"height\":325,\"caption\":\"www.liebeg.at\"},\"image\":{\"@id\":\"https:\/\/www.denktaktik.at\/liebeg_dev\/#\/schema\/logo\/image\/\"},\"sameAs\":[\"https:\/\/www.facebook.com\/p\/Liebeg-innovate-IT-100060705684739\/\",\"https:\/\/www.instagram.com\/liebigbuerotechnik\/\"]}]}<\/script>\n<!-- \/ Yoast SEO plugin. -->","yoast_head_json":{"title":"IT-Infrastruktur - www.liebeg.at","robots":{"index":"index","follow":"follow","max-snippet":"max-snippet:-1","max-image-preview":"max-image-preview:large","max-video-preview":"max-video-preview:-1"},"canonical":"https:\/\/www.denktaktik.at\/liebeg_dev\/it-infrastruktur\/","og_locale":"de_DE","og_type":"article","og_title":"IT-Infrastruktur - www.liebeg.at","og_description":"Services IT-Infrastruktur Kontakieren Sie uns Perfekt auf Sie abgestimmt Der Gro\u00dfteil der IT Kosten wird f\u00fcr Client-Service ausgegeben. Das sind Services die direkt vom Anwender verwendet werden und in Verbindung mit PC&#8217;s und Arbeitspl\u00e4tzen stehen. Der Arbeitsplatz des Benutzers ist damit ein wichtiger Teil in Punkto Sicherheit und Verf\u00fcgbarkeit. \u00a0 Die Businesswelt von heute erfordert [&hellip;]","og_url":"https:\/\/www.denktaktik.at\/liebeg_dev\/it-infrastruktur\/","og_site_name":"www.liebeg.at","article_publisher":"https:\/\/www.facebook.com\/p\/Liebeg-innovate-IT-100060705684739\/","article_modified_time":"2024-01-24T10:23:07+00:00","og_image":[{"url":"https:\/\/www.denktaktik.at\/liebeg_dev\/wp-content\/uploads\/2023\/11\/illu-IT-Infrastruktur.svg"}],"twitter_card":"summary_large_image","twitter_misc":{"Gesch\u00e4tzte Lesezeit":"1\u00a0Minute"},"schema":{"@context":"https:\/\/schema.org","@graph":[{"@type":"WebPage","@id":"https:\/\/www.denktaktik.at\/liebeg_dev\/it-infrastruktur\/","url":"https:\/\/www.denktaktik.at\/liebeg_dev\/it-infrastruktur\/","name":"IT-Infrastruktur - www.liebeg.at","isPartOf":{"@id":"https:\/\/www.denktaktik.at\/liebeg_dev\/#website"},"datePublished":"2023-11-23T11:25:38+00:00","dateModified":"2024-01-24T10:23:07+00:00","breadcrumb":{"@id":"https:\/\/www.denktaktik.at\/liebeg_dev\/it-infrastruktur\/#breadcrumb"},"inLanguage":"de","potentialAction":[{"@type":"ReadAction","target":["https:\/\/www.denktaktik.at\/liebeg_dev\/it-infrastruktur\/"]}]},{"@type":"BreadcrumbList","@id":"https:\/\/www.denktaktik.at\/liebeg_dev\/it-infrastruktur\/#breadcrumb","itemListElement":[{"@type":"ListItem","position":1,"name":"Startseite","item":"https:\/\/www.denktaktik.at\/liebeg_dev\/"},{"@type":"ListItem","position":2,"name":"IT-Infrastruktur"}]},{"@type":"WebSite","@id":"https:\/\/www.denktaktik.at\/liebeg_dev\/#website","url":"https:\/\/www.denktaktik.at\/liebeg_dev\/","name":"www.liebeg.at","description":"innovateIT","publisher":{"@id":"https:\/\/www.denktaktik.at\/liebeg_dev\/#organization"},"potentialAction":[{"@type":"SearchAction","target":{"@type":"EntryPoint","urlTemplate":"https:\/\/www.denktaktik.at\/liebeg_dev\/?s={search_term_string}"},"query-input":"required name=search_term_string"}],"inLanguage":"de"},{"@type":"Organization","@id":"https:\/\/www.denktaktik.at\/liebeg_dev\/#organization","name":"www.liebeg.at","url":"https:\/\/www.denktaktik.at\/liebeg_dev\/","logo":{"@type":"ImageObject","inLanguage":"de","@id":"https:\/\/www.denktaktik.at\/liebeg_dev\/#\/schema\/logo\/image\/","url":"https:\/\/www.denktaktik.at\/liebeg_dev\/wp-content\/uploads\/2023\/09\/logoliebeg.svg","contentUrl":"https:\/\/www.denktaktik.at\/liebeg_dev\/wp-content\/uploads\/2023\/09\/logoliebeg.svg","width":893,"height":325,"caption":"www.liebeg.at"},"image":{"@id":"https:\/\/www.denktaktik.at\/liebeg_dev\/#\/schema\/logo\/image\/"},"sameAs":["https:\/\/www.facebook.com\/p\/Liebeg-innovate-IT-100060705684739\/","https:\/\/www.instagram.com\/liebigbuerotechnik\/"]}]}},"_links":{"self":[{"href":"https:\/\/www.denktaktik.at\/liebeg_dev\/wp-json\/wp\/v2\/pages\/361","targetHints":{"allow":["GET"]}}],"collection":[{"href":"https:\/\/www.denktaktik.at\/liebeg_dev\/wp-json\/wp\/v2\/pages"}],"about":[{"href":"https:\/\/www.denktaktik.at\/liebeg_dev\/wp-json\/wp\/v2\/types\/page"}],"author":[{"embeddable":true,"href":"https:\/\/www.denktaktik.at\/liebeg_dev\/wp-json\/wp\/v2\/users\/1"}],"replies":[{"embeddable":true,"href":"https:\/\/www.denktaktik.at\/liebeg_dev\/wp-json\/wp\/v2\/comments?post=361"}],"version-history":[{"count":16,"href":"https:\/\/www.denktaktik.at\/liebeg_dev\/wp-json\/wp\/v2\/pages\/361\/revisions"}],"predecessor-version":[{"id":635,"href":"https:\/\/www.denktaktik.at\/liebeg_dev\/wp-json\/wp\/v2\/pages\/361\/revisions\/635"}],"wp:attachment":[{"href":"https:\/\/www.denktaktik.at\/liebeg_dev\/wp-json\/wp\/v2\/media?parent=361"}],"curies":[{"name":"wp","href":"https:\/\/api.w.org\/{rel}","templated":true}]}}