{"id":355,"date":"2023-11-23T12:24:03","date_gmt":"2023-11-23T11:24:03","guid":{"rendered":"https:\/\/www.denktaktik.at\/liebeg_dev\/?page_id=355"},"modified":"2024-01-24T11:16:49","modified_gmt":"2024-01-24T10:16:49","slug":"consulting","status":"publish","type":"page","link":"https:\/\/www.denktaktik.at\/liebeg_dev\/consulting\/","title":{"rendered":"Consulting\u200b"},"content":{"rendered":"\t\t<div data-elementor-type=\"wp-page\" data-elementor-id=\"355\" class=\"elementor elementor-355\" data-elementor-post-type=\"page\">\n\t\t\t\t<div class=\"elementor-element elementor-element-2f70ee89 e-flex e-con-boxed e-con e-parent\" data-id=\"2f70ee89\" data-element_type=\"container\" data-settings=\"{&quot;background_background&quot;:&quot;classic&quot;,&quot;shape_divider_top&quot;:&quot;waves&quot;,&quot;content_width&quot;:&quot;boxed&quot;}\" data-core-v316-plus=\"true\">\n\t\t\t\t\t<div class=\"e-con-inner\">\n\t\t\t\t<div class=\"elementor-shape elementor-shape-top\" data-negative=\"false\">\n\t\t\t<svg xmlns=\"http:\/\/www.w3.org\/2000\/svg\" viewBox=\"0 0 1000 100\" preserveAspectRatio=\"none\">\n\t<path class=\"elementor-shape-fill\" d=\"M421.9,6.5c22.6-2.5,51.5,0.4,75.5,5.3c23.6,4.9,70.9,23.5,100.5,35.7c75.8,32.2,133.7,44.5,192.6,49.7\n\tc23.6,2.1,48.7,3.5,103.4-2.5c54.7-6,106.2-25.6,106.2-25.6V0H0v30.3c0,0,72,32.6,158.4,30.5c39.2-0.7,92.8-6.7,134-22.4\n\tc21.2-8.1,52.2-18.2,79.7-24.2C399.3,7.9,411.6,7.5,421.9,6.5z\"\/>\n<\/svg>\t\t<\/div>\n\t\t<div class=\"elementor-element elementor-element-1f07453d e-con-full e-flex e-con e-child\" data-id=\"1f07453d\" data-element_type=\"container\" data-settings=\"{&quot;content_width&quot;:&quot;full&quot;}\">\n\t\t\t\t<div class=\"elementor-element elementor-element-4bf1565c elementor-widget elementor-widget-heading\" data-id=\"4bf1565c\" data-element_type=\"widget\" data-widget_type=\"heading.default\">\n\t\t\t\t<div class=\"elementor-widget-container\">\n\t\t\t<style>\/*! elementor - v3.19.0 - 07-02-2024 *\/\n.elementor-heading-title{padding:0;margin:0;line-height:1}.elementor-widget-heading .elementor-heading-title[class*=elementor-size-]>a{color:inherit;font-size:inherit;line-height:inherit}.elementor-widget-heading .elementor-heading-title.elementor-size-small{font-size:15px}.elementor-widget-heading .elementor-heading-title.elementor-size-medium{font-size:19px}.elementor-widget-heading .elementor-heading-title.elementor-size-large{font-size:29px}.elementor-widget-heading .elementor-heading-title.elementor-size-xl{font-size:39px}.elementor-widget-heading .elementor-heading-title.elementor-size-xxl{font-size:59px}<\/style><h2 class=\"elementor-heading-title elementor-size-default\">Services<\/h2>\t\t<\/div>\n\t\t\t\t<\/div>\n\t\t\t\t<div class=\"elementor-element elementor-element-39f96f6c elementor-widget elementor-widget-heading\" data-id=\"39f96f6c\" data-element_type=\"widget\" data-widget_type=\"heading.default\">\n\t\t\t\t<div class=\"elementor-widget-container\">\n\t\t\t<h1 class=\"elementor-heading-title elementor-size-default\">Consulting<\/h1>\t\t<\/div>\n\t\t\t\t<\/div>\n\t\t\t\t<div class=\"elementor-element elementor-element-7a2a824a elementor-widget elementor-widget-button\" data-id=\"7a2a824a\" data-element_type=\"widget\" data-widget_type=\"button.default\">\n\t\t\t\t<div class=\"elementor-widget-container\">\n\t\t\t\t\t<div class=\"elementor-button-wrapper\">\n\t\t\t<a class=\"elementor-button elementor-button-link elementor-size-sm\" href=\"https:\/\/www.denktaktik.at\/liebeg_dev\/kontakt\/\">\n\t\t\t\t\t\t<span class=\"elementor-button-content-wrapper\">\n\t\t\t\t\t\t<span class=\"elementor-button-text\">Kontakieren Sie uns<\/span>\n\t\t<\/span>\n\t\t\t\t\t<\/a>\n\t\t<\/div>\n\t\t\t\t<\/div>\n\t\t\t\t<\/div>\n\t\t\t\t<\/div>\n\t\t<div class=\"elementor-element elementor-element-39a1b888 e-con-full e-flex e-con e-child\" data-id=\"39a1b888\" data-element_type=\"container\" data-settings=\"{&quot;content_width&quot;:&quot;full&quot;}\">\n\t\t\t\t<div class=\"elementor-element elementor-element-207b5b67 elementor-invisible elementor-widget elementor-widget-image\" data-id=\"207b5b67\" data-element_type=\"widget\" data-settings=\"{&quot;_animation&quot;:&quot;fadeIn&quot;,&quot;motion_fx_motion_fx_scrolling&quot;:&quot;yes&quot;,&quot;motion_fx_translateY_effect&quot;:&quot;yes&quot;,&quot;motion_fx_translateY_speed&quot;:{&quot;unit&quot;:&quot;px&quot;,&quot;size&quot;:1.3,&quot;sizes&quot;:[]},&quot;motion_fx_translateY_affectedRange&quot;:{&quot;unit&quot;:&quot;%&quot;,&quot;size&quot;:&quot;&quot;,&quot;sizes&quot;:{&quot;start&quot;:0,&quot;end&quot;:59}},&quot;motion_fx_devices&quot;:[&quot;desktop&quot;,&quot;tablet&quot;,&quot;mobile&quot;]}\" data-widget_type=\"image.default\">\n\t\t\t\t<div class=\"elementor-widget-container\">\n\t\t\t<style>\/*! elementor - v3.19.0 - 07-02-2024 *\/\n.elementor-widget-image{text-align:center}.elementor-widget-image a{display:inline-block}.elementor-widget-image a img[src$=\".svg\"]{width:48px}.elementor-widget-image img{vertical-align:middle;display:inline-block}<\/style>\t\t\t\t\t\t\t\t\t\t<img fetchpriority=\"high\" decoding=\"async\" width=\"497\" height=\"375\" src=\"https:\/\/www.denktaktik.at\/liebeg_dev\/wp-content\/uploads\/2023\/11\/illu-consulting.svg\" class=\"attachment-full size-full wp-image-104\" alt=\"\" \/>\t\t\t\t\t\t\t\t\t\t\t\t\t<\/div>\n\t\t\t\t<\/div>\n\t\t\t\t<\/div>\n\t\t\t\t\t<\/div>\n\t\t\t\t<\/div>\n\t\t<div class=\"elementor-element elementor-element-6cf2b870 e-flex e-con-boxed e-con e-parent\" data-id=\"6cf2b870\" data-element_type=\"container\" data-settings=\"{&quot;background_background&quot;:&quot;classic&quot;,&quot;content_width&quot;:&quot;boxed&quot;}\" data-core-v316-plus=\"true\">\n\t\t\t\t\t<div class=\"e-con-inner\">\n\t\t<div class=\"elementor-element elementor-element-19a9d144 e-con-full e-flex e-con e-child\" data-id=\"19a9d144\" data-element_type=\"container\" data-settings=\"{&quot;content_width&quot;:&quot;full&quot;}\">\n\t\t\t\t<div class=\"elementor-element elementor-element-14a027a9 elementor-widget elementor-widget-text-editor\" data-id=\"14a027a9\" data-element_type=\"widget\" data-widget_type=\"text-editor.default\">\n\t\t\t\t<div class=\"elementor-widget-container\">\n\t\t\t<style>\/*! elementor - v3.19.0 - 07-02-2024 *\/\n.elementor-widget-text-editor.elementor-drop-cap-view-stacked .elementor-drop-cap{background-color:#69727d;color:#fff}.elementor-widget-text-editor.elementor-drop-cap-view-framed .elementor-drop-cap{color:#69727d;border:3px solid;background-color:transparent}.elementor-widget-text-editor:not(.elementor-drop-cap-view-default) .elementor-drop-cap{margin-top:8px}.elementor-widget-text-editor:not(.elementor-drop-cap-view-default) .elementor-drop-cap-letter{width:1em;height:1em}.elementor-widget-text-editor .elementor-drop-cap{float:left;text-align:center;line-height:1;font-size:50px}.elementor-widget-text-editor .elementor-drop-cap-letter{display:inline-block}<\/style>\t\t\t\t<p>Consulting und Integration<\/p>\t\t\t\t\t\t<\/div>\n\t\t\t\t<\/div>\n\t\t\t\t<\/div>\n\t\t\t\t\t<\/div>\n\t\t\t\t<\/div>\n\t\t<div class=\"elementor-element elementor-element-69138be e-flex e-con-boxed e-con e-parent\" data-id=\"69138be\" data-element_type=\"container\" data-settings=\"{&quot;background_background&quot;:&quot;classic&quot;,&quot;content_width&quot;:&quot;boxed&quot;}\" data-core-v316-plus=\"true\">\n\t\t\t\t\t<div class=\"e-con-inner\">\n\t\t<div class=\"elementor-element elementor-element-28fd0c4f e-con-full e-flex e-con e-child\" data-id=\"28fd0c4f\" data-element_type=\"container\" data-settings=\"{&quot;content_width&quot;:&quot;full&quot;}\">\n\t\t\t\t<div class=\"elementor-element elementor-element-3e23d3f1 elementor-widget elementor-widget-text-editor\" data-id=\"3e23d3f1\" data-element_type=\"widget\" data-widget_type=\"text-editor.default\">\n\t\t\t\t<div class=\"elementor-widget-container\">\n\t\t\t\t\t\t\t<p>Digitalisierung, Transformation und Automatisierung, unterschiedliche Worte und die selbe Bedeutung: Ver\u00e4nderung. Insbesondere diese Begriffe bezeichnen einen aktuellen Wandel bei dem sich gesamte Gesch\u00e4ftsmodelle ver\u00e4ndern.\u00a0<\/p><p>Damit Sie f\u00fcr diesen Wandel ger\u00fcstet und Big Data, Cloud und Smart Services nicht nur Begriffe sind beraten wir Sie mit unserem Know How. Denn die Technologie, von der die Rede ist, ist tagt\u00e4glich integriert in Ihrer Arbeit eine Nutzen f\u00fcr Entscheidungen oder effizientere Prozesse.\u00a0<\/p><p>Besonderen Wert legen wir darauf, dass wir Ihnen gerade dieses Fachwissen und Know-How durch Schulungen und Fortbildung aktuell halten und zielgerichtet in der Praxis einsetzen. Damit entsteht f\u00fcr Sie das Wertvolle Beratungsangebot aus Wissen und\u00a0langj\u00e4hriger\u00a0Praxiserfahrung.<\/p>\t\t\t\t\t\t<\/div>\n\t\t\t\t<\/div>\n\t\t\t\t<div class=\"elementor-element elementor-element-3f26614f elementor-widget elementor-widget-button\" data-id=\"3f26614f\" data-element_type=\"widget\" data-widget_type=\"button.default\">\n\t\t\t\t<div class=\"elementor-widget-container\">\n\t\t\t\t\t<div class=\"elementor-button-wrapper\">\n\t\t\t<a class=\"elementor-button elementor-button-link elementor-size-sm\" href=\"https:\/\/www.denktaktik.at\/liebeg_dev\/kontakt\/\">\n\t\t\t\t\t\t<span class=\"elementor-button-content-wrapper\">\n\t\t\t\t\t\t<span class=\"elementor-button-text\">Kontakieren Sie uns<\/span>\n\t\t<\/span>\n\t\t\t\t\t<\/a>\n\t\t<\/div>\n\t\t\t\t<\/div>\n\t\t\t\t<\/div>\n\t\t\t\t<\/div>\n\t\t<div class=\"elementor-element elementor-element-27c077a4 e-con-full e-flex e-con e-child\" data-id=\"27c077a4\" data-element_type=\"container\" data-settings=\"{&quot;content_width&quot;:&quot;full&quot;}\">\n\t\t\t\t<div class=\"elementor-element elementor-element-6de2818 animated-slow elementor-invisible elementor-widget elementor-widget-image\" data-id=\"6de2818\" data-element_type=\"widget\" data-settings=\"{&quot;_animation&quot;:&quot;fadeIn&quot;,&quot;_animation_tablet&quot;:&quot;fadeIn&quot;}\" data-widget_type=\"image.default\">\n\t\t\t\t<div class=\"elementor-widget-container\">\n\t\t\t\t\t\t\t\t\t\t\t\t\t<img fetchpriority=\"high\" decoding=\"async\" width=\"497\" height=\"375\" src=\"https:\/\/www.denktaktik.at\/liebeg_dev\/wp-content\/uploads\/2023\/11\/illu-consulting.svg\" class=\"attachment-full size-full wp-image-104\" alt=\"\" \/>\t\t\t\t\t\t\t\t\t\t\t\t\t<\/div>\n\t\t\t\t<\/div>\n\t\t\t\t<\/div>\n\t\t\t\t\t<\/div>\n\t\t\t\t<\/div>\n\t\t\t\t<\/div>\n\t\t","protected":false},"excerpt":{"rendered":"<p>Services Consulting Kontakieren Sie uns Consulting und Integration Digitalisierung, Transformation und Automatisierung, unterschiedliche Worte und die selbe Bedeutung: Ver\u00e4nderung. Insbesondere diese Begriffe bezeichnen einen aktuellen Wandel bei dem sich gesamte Gesch\u00e4ftsmodelle ver\u00e4ndern.\u00a0 Damit Sie f\u00fcr diesen Wandel ger\u00fcstet und Big Data, Cloud und Smart Services nicht nur Begriffe sind beraten wir Sie mit unserem Know [&hellip;]<\/p>\n","protected":false},"author":1,"featured_media":0,"parent":0,"menu_order":0,"comment_status":"closed","ping_status":"closed","template":"","meta":{"footnotes":""},"class_list":["post-355","page","type-page","status-publish","hentry"],"yoast_head":"<!-- This site is optimized with the Yoast SEO plugin v22.1 - https:\/\/yoast.com\/wordpress\/plugins\/seo\/ -->\n<title>Consulting\u200b - www.liebeg.at<\/title>\n<meta name=\"robots\" content=\"index, follow, max-snippet:-1, max-image-preview:large, max-video-preview:-1\" \/>\n<link rel=\"canonical\" href=\"https:\/\/www.denktaktik.at\/liebeg_dev\/consulting\/\" \/>\n<meta property=\"og:locale\" content=\"de_DE\" \/>\n<meta property=\"og:type\" content=\"article\" \/>\n<meta property=\"og:title\" content=\"Consulting\u200b - www.liebeg.at\" \/>\n<meta property=\"og:description\" content=\"Services Consulting Kontakieren Sie uns Consulting und Integration Digitalisierung, Transformation und Automatisierung, unterschiedliche Worte und die selbe Bedeutung: Ver\u00e4nderung. Insbesondere diese Begriffe bezeichnen einen aktuellen Wandel bei dem sich gesamte Gesch\u00e4ftsmodelle ver\u00e4ndern.\u00a0 Damit Sie f\u00fcr diesen Wandel ger\u00fcstet und Big Data, Cloud und Smart Services nicht nur Begriffe sind beraten wir Sie mit unserem Know [&hellip;]\" \/>\n<meta property=\"og:url\" content=\"https:\/\/www.denktaktik.at\/liebeg_dev\/consulting\/\" \/>\n<meta property=\"og:site_name\" content=\"www.liebeg.at\" \/>\n<meta property=\"article:publisher\" content=\"https:\/\/www.facebook.com\/p\/Liebeg-innovate-IT-100060705684739\/\" \/>\n<meta property=\"article:modified_time\" content=\"2024-01-24T10:16:49+00:00\" \/>\n<meta property=\"og:image\" content=\"https:\/\/www.denktaktik.at\/liebeg_dev\/wp-content\/uploads\/2023\/11\/illu-consulting.svg\" \/>\n<meta name=\"twitter:card\" content=\"summary_large_image\" \/>\n<meta name=\"twitter:label1\" content=\"Gesch\u00e4tzte Lesezeit\" \/>\n\t<meta name=\"twitter:data1\" content=\"1\u00a0Minute\" \/>\n<script type=\"application\/ld+json\" class=\"yoast-schema-graph\">{\"@context\":\"https:\/\/schema.org\",\"@graph\":[{\"@type\":\"WebPage\",\"@id\":\"https:\/\/www.denktaktik.at\/liebeg_dev\/consulting\/\",\"url\":\"https:\/\/www.denktaktik.at\/liebeg_dev\/consulting\/\",\"name\":\"Consulting\u200b - www.liebeg.at\",\"isPartOf\":{\"@id\":\"https:\/\/www.denktaktik.at\/liebeg_dev\/#website\"},\"datePublished\":\"2023-11-23T11:24:03+00:00\",\"dateModified\":\"2024-01-24T10:16:49+00:00\",\"breadcrumb\":{\"@id\":\"https:\/\/www.denktaktik.at\/liebeg_dev\/consulting\/#breadcrumb\"},\"inLanguage\":\"de\",\"potentialAction\":[{\"@type\":\"ReadAction\",\"target\":[\"https:\/\/www.denktaktik.at\/liebeg_dev\/consulting\/\"]}]},{\"@type\":\"BreadcrumbList\",\"@id\":\"https:\/\/www.denktaktik.at\/liebeg_dev\/consulting\/#breadcrumb\",\"itemListElement\":[{\"@type\":\"ListItem\",\"position\":1,\"name\":\"Startseite\",\"item\":\"https:\/\/www.denktaktik.at\/liebeg_dev\/\"},{\"@type\":\"ListItem\",\"position\":2,\"name\":\"Consulting\u200b\"}]},{\"@type\":\"WebSite\",\"@id\":\"https:\/\/www.denktaktik.at\/liebeg_dev\/#website\",\"url\":\"https:\/\/www.denktaktik.at\/liebeg_dev\/\",\"name\":\"www.liebeg.at\",\"description\":\"innovateIT\",\"publisher\":{\"@id\":\"https:\/\/www.denktaktik.at\/liebeg_dev\/#organization\"},\"potentialAction\":[{\"@type\":\"SearchAction\",\"target\":{\"@type\":\"EntryPoint\",\"urlTemplate\":\"https:\/\/www.denktaktik.at\/liebeg_dev\/?s={search_term_string}\"},\"query-input\":\"required name=search_term_string\"}],\"inLanguage\":\"de\"},{\"@type\":\"Organization\",\"@id\":\"https:\/\/www.denktaktik.at\/liebeg_dev\/#organization\",\"name\":\"www.liebeg.at\",\"url\":\"https:\/\/www.denktaktik.at\/liebeg_dev\/\",\"logo\":{\"@type\":\"ImageObject\",\"inLanguage\":\"de\",\"@id\":\"https:\/\/www.denktaktik.at\/liebeg_dev\/#\/schema\/logo\/image\/\",\"url\":\"https:\/\/www.denktaktik.at\/liebeg_dev\/wp-content\/uploads\/2023\/09\/logoliebeg.svg\",\"contentUrl\":\"https:\/\/www.denktaktik.at\/liebeg_dev\/wp-content\/uploads\/2023\/09\/logoliebeg.svg\",\"width\":893,\"height\":325,\"caption\":\"www.liebeg.at\"},\"image\":{\"@id\":\"https:\/\/www.denktaktik.at\/liebeg_dev\/#\/schema\/logo\/image\/\"},\"sameAs\":[\"https:\/\/www.facebook.com\/p\/Liebeg-innovate-IT-100060705684739\/\",\"https:\/\/www.instagram.com\/liebigbuerotechnik\/\"]}]}<\/script>\n<!-- \/ Yoast SEO plugin. -->","yoast_head_json":{"title":"Consulting\u200b - www.liebeg.at","robots":{"index":"index","follow":"follow","max-snippet":"max-snippet:-1","max-image-preview":"max-image-preview:large","max-video-preview":"max-video-preview:-1"},"canonical":"https:\/\/www.denktaktik.at\/liebeg_dev\/consulting\/","og_locale":"de_DE","og_type":"article","og_title":"Consulting\u200b - www.liebeg.at","og_description":"Services Consulting Kontakieren Sie uns Consulting und Integration Digitalisierung, Transformation und Automatisierung, unterschiedliche Worte und die selbe Bedeutung: Ver\u00e4nderung. Insbesondere diese Begriffe bezeichnen einen aktuellen Wandel bei dem sich gesamte Gesch\u00e4ftsmodelle ver\u00e4ndern.\u00a0 Damit Sie f\u00fcr diesen Wandel ger\u00fcstet und Big Data, Cloud und Smart Services nicht nur Begriffe sind beraten wir Sie mit unserem Know [&hellip;]","og_url":"https:\/\/www.denktaktik.at\/liebeg_dev\/consulting\/","og_site_name":"www.liebeg.at","article_publisher":"https:\/\/www.facebook.com\/p\/Liebeg-innovate-IT-100060705684739\/","article_modified_time":"2024-01-24T10:16:49+00:00","og_image":[{"url":"https:\/\/www.denktaktik.at\/liebeg_dev\/wp-content\/uploads\/2023\/11\/illu-consulting.svg"}],"twitter_card":"summary_large_image","twitter_misc":{"Gesch\u00e4tzte Lesezeit":"1\u00a0Minute"},"schema":{"@context":"https:\/\/schema.org","@graph":[{"@type":"WebPage","@id":"https:\/\/www.denktaktik.at\/liebeg_dev\/consulting\/","url":"https:\/\/www.denktaktik.at\/liebeg_dev\/consulting\/","name":"Consulting\u200b - www.liebeg.at","isPartOf":{"@id":"https:\/\/www.denktaktik.at\/liebeg_dev\/#website"},"datePublished":"2023-11-23T11:24:03+00:00","dateModified":"2024-01-24T10:16:49+00:00","breadcrumb":{"@id":"https:\/\/www.denktaktik.at\/liebeg_dev\/consulting\/#breadcrumb"},"inLanguage":"de","potentialAction":[{"@type":"ReadAction","target":["https:\/\/www.denktaktik.at\/liebeg_dev\/consulting\/"]}]},{"@type":"BreadcrumbList","@id":"https:\/\/www.denktaktik.at\/liebeg_dev\/consulting\/#breadcrumb","itemListElement":[{"@type":"ListItem","position":1,"name":"Startseite","item":"https:\/\/www.denktaktik.at\/liebeg_dev\/"},{"@type":"ListItem","position":2,"name":"Consulting\u200b"}]},{"@type":"WebSite","@id":"https:\/\/www.denktaktik.at\/liebeg_dev\/#website","url":"https:\/\/www.denktaktik.at\/liebeg_dev\/","name":"www.liebeg.at","description":"innovateIT","publisher":{"@id":"https:\/\/www.denktaktik.at\/liebeg_dev\/#organization"},"potentialAction":[{"@type":"SearchAction","target":{"@type":"EntryPoint","urlTemplate":"https:\/\/www.denktaktik.at\/liebeg_dev\/?s={search_term_string}"},"query-input":"required name=search_term_string"}],"inLanguage":"de"},{"@type":"Organization","@id":"https:\/\/www.denktaktik.at\/liebeg_dev\/#organization","name":"www.liebeg.at","url":"https:\/\/www.denktaktik.at\/liebeg_dev\/","logo":{"@type":"ImageObject","inLanguage":"de","@id":"https:\/\/www.denktaktik.at\/liebeg_dev\/#\/schema\/logo\/image\/","url":"https:\/\/www.denktaktik.at\/liebeg_dev\/wp-content\/uploads\/2023\/09\/logoliebeg.svg","contentUrl":"https:\/\/www.denktaktik.at\/liebeg_dev\/wp-content\/uploads\/2023\/09\/logoliebeg.svg","width":893,"height":325,"caption":"www.liebeg.at"},"image":{"@id":"https:\/\/www.denktaktik.at\/liebeg_dev\/#\/schema\/logo\/image\/"},"sameAs":["https:\/\/www.facebook.com\/p\/Liebeg-innovate-IT-100060705684739\/","https:\/\/www.instagram.com\/liebigbuerotechnik\/"]}]}},"_links":{"self":[{"href":"https:\/\/www.denktaktik.at\/liebeg_dev\/wp-json\/wp\/v2\/pages\/355","targetHints":{"allow":["GET"]}}],"collection":[{"href":"https:\/\/www.denktaktik.at\/liebeg_dev\/wp-json\/wp\/v2\/pages"}],"about":[{"href":"https:\/\/www.denktaktik.at\/liebeg_dev\/wp-json\/wp\/v2\/types\/page"}],"author":[{"embeddable":true,"href":"https:\/\/www.denktaktik.at\/liebeg_dev\/wp-json\/wp\/v2\/users\/1"}],"replies":[{"embeddable":true,"href":"https:\/\/www.denktaktik.at\/liebeg_dev\/wp-json\/wp\/v2\/comments?post=355"}],"version-history":[{"count":7,"href":"https:\/\/www.denktaktik.at\/liebeg_dev\/wp-json\/wp\/v2\/pages\/355\/revisions"}],"predecessor-version":[{"id":626,"href":"https:\/\/www.denktaktik.at\/liebeg_dev\/wp-json\/wp\/v2\/pages\/355\/revisions\/626"}],"wp:attachment":[{"href":"https:\/\/www.denktaktik.at\/liebeg_dev\/wp-json\/wp\/v2\/media?parent=355"}],"curies":[{"name":"wp","href":"https:\/\/api.w.org\/{rel}","templated":true}]}}